{"id":84,"date":"2017-04-27T09:11:04","date_gmt":"2017-04-27T08:11:04","guid":{"rendered":"http:\/\/www.kujat.eu\/?page_id=84"},"modified":"2022-03-26T11:58:44","modified_gmt":"2022-03-26T10:58:44","slug":"how-to-pay-wie-bezahlen","status":"publish","type":"page","link":"http:\/\/www.kujat.eu\/?page_id=84","title":{"rendered":"How to pay \/ wie bezahlen"},"content":{"rendered":"<p>Sie koennen uns ganz einfach ein Sepa-Lastschriftmandat erteilen<\/p>\n<p>unter:<\/p>\n<p><a href=\"https:\/\/www.paypal.me\/KujatEU\" target=\"_blank\" rel=\"noopener noreferrer\">oder via Paypal!<\/a><\/p>\n<p>ganz gewohl, wie bei PayPal<\/p>\n<p><a href=\"https:\/\/kujat-eu.sumup.link\/\" target=\"_blank\" rel=\"noopener noreferrer\">oder \u00fcber unseren <\/a>Shop<\/p>\n<p>Ihre Daten sind bei uns &#8211; wie immer &#8211; sicher und werden nur f\u00fcr die Zahlungsabwicklung genutzte und keinesfalls weitergegeben oder f\u00fcr Werbung genutzt.<\/p>\n<p>Durch Ihre Nachricht stimmen Sie der Belastung Iher Kreditkarte durch Kujat Consulting \u00fcber den angegebenen Betrag einmalig zu.<\/p>\n","protected":false},"excerpt":{"rendered":"<p>Sie koennen uns ganz einfach ein Sepa-Lastschriftmandat erteilen unter: oder via Paypal! ganz gewohl, wie bei PayPal oder \u00fcber unseren Shop Ihre Daten sind bei uns &#8211; wie immer &#8211; sicher und werden nur f\u00fcr die Zahlungsabwicklung genutzte und keinesfalls weitergegeben oder f\u00fcr Werbung genutzt. Durch Ihre Nachricht stimmen Sie der Belastung Iher Kreditkarte durch [&hellip;]<\/p>\n","protected":false},"author":1,"featured_media":0,"parent":0,"menu_order":0,"comment_status":"closed","ping_status":"closed","template":"","meta":{"footnotes":""},"class_list":["post-84","page","type-page","status-publish","hentry"],"_links":{"self":[{"href":"http:\/\/www.kujat.eu\/index.php?rest_route=\/wp\/v2\/pages\/84","targetHints":{"allow":["GET"]}}],"collection":[{"href":"http:\/\/www.kujat.eu\/index.php?rest_route=\/wp\/v2\/pages"}],"about":[{"href":"http:\/\/www.kujat.eu\/index.php?rest_route=\/wp\/v2\/types\/page"}],"author":[{"embeddable":true,"href":"http:\/\/www.kujat.eu\/index.php?rest_route=\/wp\/v2\/users\/1"}],"replies":[{"embeddable":true,"href":"http:\/\/www.kujat.eu\/index.php?rest_route=%2Fwp%2Fv2%2Fcomments&post=84"}],"version-history":[{"count":10,"href":"http:\/\/www.kujat.eu\/index.php?rest_route=\/wp\/v2\/pages\/84\/revisions"}],"predecessor-version":[{"id":179,"href":"http:\/\/www.kujat.eu\/index.php?rest_route=\/wp\/v2\/pages\/84\/revisions\/179"}],"wp:attachment":[{"href":"http:\/\/www.kujat.eu\/index.php?rest_route=%2Fwp%2Fv2%2Fmedia&parent=84"}],"curies":[{"name":"wp","href":"https:\/\/api.w.org\/{rel}","templated":true}]}}